{"id":13,"date":"2023-03-06T23:22:39","date_gmt":"2023-03-07T04:22:39","guid":{"rendered":"https:\/\/dev.cocoa.pe\/centropractis\/?page_id=13"},"modified":"2023-06-13T13:58:36","modified_gmt":"2023-06-13T18:58:36","slug":"acerca-de-centro-practis","status":"publish","type":"page","link":"https:\/\/dev.cocoa.pe\/centropractis\/acerca-de-centro-practis\/","title":{"rendered":"Acerca de Centro Practis"},"content":{"rendered":"<div class=\"lazyblock-seccion-block-1hT8FT alignfull alignfull  wp-block-lazyblock-seccion-block\"><section class=\"bg-white text-black py\" data-aos=\"fade\" data-aos-duration=\"600\">\n  <div class=\"container\">\n    <div class=\"row\">\n      <div class=\"col-12\">\n        \n<div class=\"lazyblock-aos-block-1NMVnl mb-4 mb-sm-5 wp-block-lazyblock-aos-block\"><div data-aos=\"fade-up\" data-aos-duration=\"500\" data-aos-delay=\"0\">\n  \n\n<h4 class=\"wp-block-heading has-text-align-center\">Centro de servicios de conocimiento y capacitaci\u00f3n<\/h4>\n\n\n<\/div><\/div>\n\n\n<div class=\"row align-items-center mb-4 mb-sm-5 gy-4 gy-sm-5\">\n<div class=\"col-lg-6\"><div class=\"lazyblock-aos-block-1Fwfii wp-block-lazyblock-aos-block\"><div data-aos=\"fade\" data-aos-duration=\"500\" data-aos-delay=\"0\">\n  \n\n<figure class=\"wp-block-image size-full mb-0\"><img loading=\"lazy\" decoding=\"async\" width=\"960\" height=\"650\" src=\"https:\/\/dev.cocoa.pe\/centropractis\/wp-content\/uploads\/2023\/03\/acerca-de_img-1.jpg\" alt=\"\" class=\"wp-image-101\" srcset=\"https:\/\/dev.cocoa.pe\/centropractis\/wp-content\/uploads\/2023\/03\/acerca-de_img-1.jpg 960w, https:\/\/dev.cocoa.pe\/centropractis\/wp-content\/uploads\/2023\/03\/acerca-de_img-1-768x520.jpg 768w\" sizes=\"auto, (max-width: 960px) 100vw, 960px\" \/><\/figure>\n\n\n<\/div><\/div><\/div>\n\n\n\n<div class=\"col-lg-6 col-xl-5 offset-xl-1\"><div class=\"lazyblock-aos-block-Z2cjFDs wp-block-lazyblock-aos-block\"><div data-aos=\"fade-up\" data-aos-duration=\"500\" data-aos-delay=\"400\">\n  \n\n<div class=\"wp-block-group\"><div class=\"wp-block-group__inner-container is-layout-constrained wp-block-group-is-layout-constrained\">\n<p>Nuestro\u00a0<strong>centro de capacitaci\u00f3n y aprendizaje<\/strong>\u00a0est\u00e1 dedicado a la gesti\u00f3n y difusi\u00f3n de conocimiento sobre m\u00faltiples temas dentro del campo del desarrollo. A lo largo de m\u00e1s de\u00a0<strong>30 a\u00f1os trabajando en Am\u00e9rica Latina<\/strong>\u00a0hemos:<\/p>\n\n\n\n<ul class=\"wp-block-list\">\n<li>Identificado, sistematizado y recopilado forma organizada conocimiento relevante sobre distintos temas trabajados internamente por <strong>Practical Action<\/strong> y tambi\u00e9n por nuestros clientes.<\/li>\n\n\n\n<li>Generado productos de conocimiento destinados a audiencias y demandas espec\u00edficas.<\/li>\n\n\n\n<li>Creado espacios presenciales y virtuales de difusi\u00f3n, intercambio y capacitaci\u00f3n con diferentes niveles de magnitud y alcance.<\/li>\n<\/ul>\n<\/div><\/div>\n\n\n<\/div><\/div><\/div>\n<\/div>\n\n\n\n<div class=\"row align-items-center gy-4 gy-sm-5\">\n<div class=\"col-lg-6 col-xl-6 offset-xl-1 order-lg-2\"><div class=\"lazyblock-aos-block-ZdUuMG wp-block-lazyblock-aos-block\"><div data-aos=\"fade\" data-aos-duration=\"500\" data-aos-delay=\"0\">\n  \n\n<figure class=\"wp-block-image size-full mb-0\"><img loading=\"lazy\" decoding=\"async\" width=\"960\" height=\"650\" src=\"https:\/\/dev.cocoa.pe\/centropractis\/wp-content\/uploads\/2023\/03\/acerca-de_img-2.jpg\" alt=\"\" class=\"wp-image-102\" srcset=\"https:\/\/dev.cocoa.pe\/centropractis\/wp-content\/uploads\/2023\/03\/acerca-de_img-2.jpg 960w, https:\/\/dev.cocoa.pe\/centropractis\/wp-content\/uploads\/2023\/03\/acerca-de_img-2-768x520.jpg 768w\" sizes=\"auto, (max-width: 960px) 100vw, 960px\" \/><\/figure>\n\n\n<\/div><\/div><\/div>\n\n\n\n<div class=\"col-lg-6 col-xl-5 offset-xl-false order-lg-1\"><div class=\"lazyblock-aos-block-ZFkiAk wp-block-lazyblock-aos-block\"><div data-aos=\"fade-up\" data-aos-duration=\"500\" data-aos-delay=\"400\">\n  \n\n<p>La trayectoria de Practical Action en gesti\u00f3n del conocimiento y capacitaci\u00f3n est\u00e1 respaldada en:<\/p>\n\n\n\n<ul class=\"wp-block-list\">\n<li>Nuestra capacidad y presencia en campo que nos permiten alcanzar y conectar audiencias en 4 regiones: Am\u00e9rica Latina, Asia, \u00c1frica y Europa.<\/li>\n\n\n\n<li>Nuestra experiencia en la gesti\u00f3n de proyectos internacionales sobre gesti\u00f3n del conocimiento.<\/li>\n\n\n\n<li>Nuestro enfoque que combina pr\u00e1ctica e investigaci\u00f3n.<\/li>\n\n\n\n<li>Nuestra experiencia en procesos de transferencia de conocimientos tecnol\u00f3gicos de manera virtual y presencial.<\/li>\n<\/ul>\n\n\n<\/div><\/div><\/div>\n<\/div>\n\n\n      <\/div>\n    <\/div>\n  <\/div>\n<\/section><\/div>\n\n<div class=\"lazyblock-seccion-block-Z2hBmz8 alignfull alignfull  wp-block-lazyblock-seccion-block\"><section class=\"bg-light text-black py\" data-aos=\"fade\" data-aos-duration=\"600\">\n  <div class=\"container\">\n    <div class=\"row\">\n      <div class=\"col-12\">\n        \n<div class=\"lazyblock-aos-block-Z26Pnk0 mb-4 mb-sm-5 wp-block-lazyblock-aos-block\"><div data-aos=\"fade-up\" data-aos-duration=\"500\" data-aos-delay=\"0\">\n  \n\n<h4 class=\"wp-block-heading has-text-align-left\">Nuestro objetivo<\/h4>\n\n\n<\/div><\/div>\n\n<div class=\"lazyblock-aos-block-Z1nRUrb wp-block-lazyblock-aos-block\"><div data-aos=\"fade\" data-aos-duration=\"500\" data-aos-delay=\"0\">\n  \n\n<div class=\"row gy-4\">\n<div class=\"col-lg-6 col-xl-5\">\n<p>Practical Action ha creado este centro de capacitaci\u00f3n y aprendizaje para proveer servicios especializados de gesti\u00f3n conocimiento y capacitaci\u00f3n en base a la experiencia de 30 a\u00f1os de promoci\u00f3n del desarrollo en Am\u00e9rica Latina.<\/p>\n\n\n\n<p>Los servicios que brindamos est\u00e1n dirigidos a proporcionar asistencia t\u00e9cnica en el dise\u00f1o y gesti\u00f3n de sistemas de informaci\u00f3n y manejo del conocimiento para pobladores, instituciones p\u00fablicas, agencias de cooperaci\u00f3n, programas y proyectos de desarrollo; para apoyarlos en lograr un mayor y mejor impacto y sostenibilidad.<\/p>\n<\/div>\n\n\n\n<div class=\"col-lg-6 col-xl-5 offset-xl-1\">\n<p>A trav\u00e9s de su oferta de servicios, nuestro centro de capacitaci\u00f3n y aprendizaje contribuye a una m\u00e1s efectiva gesti\u00f3n del conocimiento y el fortalecimiento de las capacidades de personas e instituciones. Cuenta con infraestructura y tecnolog\u00eda adecuada a trav\u00e9s de los aliados estrat\u00e9gicos y un equipo de trabajo multidisciplinario altamente calificado, capacitado y comprometido con la excelencia.<\/p>\n<\/div>\n<\/div>\n\n\n<\/div><\/div>\n\n      <\/div>\n    <\/div>\n  <\/div>\n<\/section><\/div>","protected":false},"excerpt":{"rendered":"","protected":false},"author":1,"featured_media":0,"parent":0,"menu_order":0,"comment_status":"closed","ping_status":"closed","template":"","meta":{"inline_featured_image":false,"footnotes":""},"class_list":["post-13","page","type-page","status-publish","hentry"],"acf":[],"_links":{"self":[{"href":"https:\/\/dev.cocoa.pe\/centropractis\/wp-json\/wp\/v2\/pages\/13","targetHints":{"allow":["GET"]}}],"collection":[{"href":"https:\/\/dev.cocoa.pe\/centropractis\/wp-json\/wp\/v2\/pages"}],"about":[{"href":"https:\/\/dev.cocoa.pe\/centropractis\/wp-json\/wp\/v2\/types\/page"}],"author":[{"embeddable":true,"href":"https:\/\/dev.cocoa.pe\/centropractis\/wp-json\/wp\/v2\/users\/1"}],"replies":[{"embeddable":true,"href":"https:\/\/dev.cocoa.pe\/centropractis\/wp-json\/wp\/v2\/comments?post=13"}],"version-history":[{"count":8,"href":"https:\/\/dev.cocoa.pe\/centropractis\/wp-json\/wp\/v2\/pages\/13\/revisions"}],"predecessor-version":[{"id":220,"href":"https:\/\/dev.cocoa.pe\/centropractis\/wp-json\/wp\/v2\/pages\/13\/revisions\/220"}],"wp:attachment":[{"href":"https:\/\/dev.cocoa.pe\/centropractis\/wp-json\/wp\/v2\/media?parent=13"}],"curies":[{"name":"wp","href":"https:\/\/api.w.org\/{rel}","templated":true}]}}