{"id":33,"date":"2023-06-21T16:16:58","date_gmt":"2023-06-21T21:16:58","guid":{"rendered":"https:\/\/dev.cocoa.pe\/careperuv1\/?page_id=33"},"modified":"2023-07-04T23:36:50","modified_gmt":"2023-07-05T04:36:50","slug":"sobre-nosotros","status":"publish","type":"page","link":"https:\/\/dev.cocoa.pe\/careperuv1\/sobre-nosotros\/","title":{"rendered":"Sobre nosotros"},"content":{"rendered":"<div class=\"lazyblock-block-powercard-header-1gBiJv wp-block-lazyblock-block-powercard-header\"><section class=\"block_header_powercard d-flex flex-wrap align-items-center position-relative bg- \">\n  <div class=\"container\">\n    <div class=\"row\">\n      <div class=\"col-12 col-xl-8\">\n        <div class=\"block_content py bg-light\">\n          <div data-aos=\"fade-up\" data-aos-duration=\"600\" data-aos-delay=\"400\">\n            <div class=\"lazyblock-inner-blocks\">\n\n<h1 class=\"wp-block-heading\">Sobre nosotros<\/h1>\n\n\n\n<p class=\"h4\">CARE Per\u00fa ha implementado m\u00e1s de 1 000 proyectos enfocados en el desarrollo social de nuestro pa\u00eds, los cuales han permitido cambiar la vida de muchas personas.<\/p>\n\n<\/div>\n          <\/div>\n        <\/div>\n      <\/div>\n    <\/div>\n  <\/div>\n  <figure class=\"block_image mb-0\" data-aos=\"fade\" data-aos-duration=\"800\">\n    <img loading=\"lazy\" decoding=\"async\" width=\"1495\" height=\"934\" src=\"https:\/\/dev.cocoa.pe\/careperuv1\/wp-content\/uploads\/2023\/06\/placeholder_powercard-large.jpg\" class=\"img-fit\" alt=\"\" srcset=\"https:\/\/dev.cocoa.pe\/careperuv1\/wp-content\/uploads\/2023\/06\/placeholder_powercard-large.jpg 1920w, https:\/\/dev.cocoa.pe\/careperuv1\/wp-content\/uploads\/2023\/06\/placeholder_powercard-large-980x613.jpg 980w, https:\/\/dev.cocoa.pe\/careperuv1\/wp-content\/uploads\/2023\/06\/placeholder_powercard-large-768x480.jpg 768w, https:\/\/dev.cocoa.pe\/careperuv1\/wp-content\/uploads\/2023\/06\/placeholder_powercard-large-1536x960.jpg 1536w, https:\/\/dev.cocoa.pe\/careperuv1\/wp-content\/uploads\/2023\/06\/placeholder_powercard-large-120x75.jpg 120w\" sizes=\"auto, (max-width: 1495px) 100vw, 1495px\" \/>      <\/figure>\n<\/section><\/div>\n\n<div class=\"lazyblock-block-section-Z1RRKke wp-block-lazyblock-block-section\"><section class=\"py bg-white\">\n  <div class=\"container\">\n    <div class=\"row\" data-aos=\"fade-up\" data-aos-duration=\"600\">\n      <div class=\"col-12\">\n        <div class=\"lazyblock-inner-blocks\">\n\n<div class=\"row justify-content-center\">\n<div class=\"col-lg-12 col-xl-10\">\n<div class=\"wp-block-group is-style-group-border\"><div class=\"wp-block-group__inner-container is-layout-constrained wp-block-group-is-layout-constrained\">\n<h2 class=\"wp-block-heading\">Historia de CARE Per\u00fa<\/h2>\n\n\n\n<p>CARE lleg\u00f3 al Per\u00fa el 31 de agosto de 1970, cuando el pa\u00eds luchaba por sobreponerse a la devastaci\u00f3n que dej\u00f3 el terremoto de \u00c1ncash. Por la naturaleza y magnitud de la tragedia, la situaci\u00f3n demand\u00f3 el compromiso de realizar un trabajo permanente, con altas dosis de empat\u00eda y una visi\u00f3n a futuro que trascendiera la sola reconstrucci\u00f3n.<\/p>\n\n\n\n<p>Con esa perspectiva, adem\u00e1s de la ayuda humanitaria y la rehabilitaci\u00f3n de infraestructura, empezamos a promover el fortalecimiento de las capacidades de las autoridades locales y las organizaciones sociales. Desde entonces, hemos mantenido vigente esta l\u00ednea de trabajo, aunque ahora con un enfoque m\u00e1s amplio, alineado a las nuevas necesidades del pa\u00eds, a la crisis clim\u00e1tica global y a los Objetivos de Desarrollo Sostenible (ODS).<\/p>\n<\/div><\/div>\n<\/div>\n<\/div>\n\n<\/div>\n      <\/div>\n    <\/div>\n  <\/div>\n<\/section><\/div>\n\n<div class=\"lazyblock-block-powercard-header-ZpgNis wp-block-lazyblock-block-powercard-header\"><section class=\"block_header_powercard d-flex flex-wrap align-items-center position-relative bg-light rtl\">\n  <div class=\"container\">\n    <div class=\"row\">\n      <div class=\"col-12 col-xl-8\">\n        <div class=\"block_content py bg-white\">\n          <div data-aos=\"fade-up\" data-aos-duration=\"600\" data-aos-delay=\"400\">\n            <div class=\"lazyblock-inner-blocks\">\n\n<h2 class=\"wp-block-heading\">De CARE a CARE Per\u00fa<\/h2>\n\n\n\n<p class=\"h4\">CARE Per\u00fa es una organizaci\u00f3n peruana miembro de una confederaci\u00f3n presente en 111 pa\u00edses. Durante estos 53 a\u00f1os, hemos implementado m\u00e1s de 1 000 proyectos enfocados en el desarrollo social de nuestro pa\u00eds, los cuales han permitido cambiar la vida de muchas peruanas y peruanos.<\/p>\n\n<\/div>\n          <\/div>\n        <\/div>\n      <\/div>\n    <\/div>\n  <\/div>\n  <figure class=\"block_image mb-0\" data-aos=\"fade\" data-aos-duration=\"800\">\n    <img loading=\"lazy\" decoding=\"async\" width=\"1495\" height=\"934\" src=\"https:\/\/dev.cocoa.pe\/careperuv1\/wp-content\/uploads\/2023\/06\/placeholder_powercard-large.jpg\" class=\"img-fit\" alt=\"\" srcset=\"https:\/\/dev.cocoa.pe\/careperuv1\/wp-content\/uploads\/2023\/06\/placeholder_powercard-large.jpg 1920w, https:\/\/dev.cocoa.pe\/careperuv1\/wp-content\/uploads\/2023\/06\/placeholder_powercard-large-980x613.jpg 980w, https:\/\/dev.cocoa.pe\/careperuv1\/wp-content\/uploads\/2023\/06\/placeholder_powercard-large-768x480.jpg 768w, https:\/\/dev.cocoa.pe\/careperuv1\/wp-content\/uploads\/2023\/06\/placeholder_powercard-large-1536x960.jpg 1536w, https:\/\/dev.cocoa.pe\/careperuv1\/wp-content\/uploads\/2023\/06\/placeholder_powercard-large-120x75.jpg 120w\" sizes=\"auto, (max-width: 1495px) 100vw, 1495px\" \/>      <\/figure>\n<\/section><\/div>\n\n<div class=\"lazyblock-block-section-1U31cX wp-block-lazyblock-block-section\"><section class=\"py bg-white\">\n  <div class=\"container\">\n    <div class=\"row\" data-aos=\"fade-up\" data-aos-duration=\"600\">\n      <div class=\"col-12\">\n        <div class=\"lazyblock-inner-blocks\">\n\n<div class=\"row justify-content-center\">\n<div class=\"col-lg-12 col-xl-10\">\n<h4 class=\"wp-block-heading\">En los \u00faltimos 5 a\u00f1os hemos podido impactar positivamente en la vida de m\u00e1s de 7 millones de personas.<\/h4>\n\n\n\n<p>Como organizaci\u00f3n, tenemos el compromiso de contribuir a la consecuci\u00f3n de cambios duraderos en las vidas de las personas m\u00e1s vulnerables y construir un pa\u00eds m\u00e1s pr\u00f3spero, ya sea mediante nuestro trabajo humanitario o con nuestras intervenciones a favor del desarrollo.<\/p>\n<\/div>\n<\/div>\n\n<\/div>\n      <\/div>\n    <\/div>\n  <\/div>\n<\/section><\/div>\n\n<div class=\"lazyblock-block-powercard-header-1Yl9RY wp-block-lazyblock-block-powercard-header\"><section class=\"block_header_powercard d-flex flex-wrap align-items-center position-relative bg-light \">\n  <div class=\"container\">\n    <div class=\"row\">\n      <div class=\"col-12 col-xl-8\">\n        <div class=\"block_content py bg-white\">\n          <div data-aos=\"fade-up\" data-aos-duration=\"600\" data-aos-delay=\"400\">\n            <div class=\"lazyblock-inner-blocks\">\n\n<h2 class=\"wp-block-heading\">Presencia de CARE en el mundo<\/h2>\n\n\n\n<p class=\"h4\">CARE fue fundada poco despu\u00e9s de la Segunda Guerra Mundial por varias organizaciones estadounidenses que decidieron distribuir paquetes de alimentos y suministros a las v\u00edctimas de la guerra en Europa.<\/p>\n\n<\/div>\n          <\/div>\n        <\/div>\n      <\/div>\n    <\/div>\n  <\/div>\n  <figure class=\"block_image mb-0\" data-aos=\"fade\" data-aos-duration=\"800\">\n    <img loading=\"lazy\" decoding=\"async\" width=\"1495\" height=\"934\" src=\"https:\/\/dev.cocoa.pe\/careperuv1\/wp-content\/uploads\/2023\/06\/placeholder_powercard-large.jpg\" class=\"img-fit\" alt=\"\" srcset=\"https:\/\/dev.cocoa.pe\/careperuv1\/wp-content\/uploads\/2023\/06\/placeholder_powercard-large.jpg 1920w, https:\/\/dev.cocoa.pe\/careperuv1\/wp-content\/uploads\/2023\/06\/placeholder_powercard-large-980x613.jpg 980w, https:\/\/dev.cocoa.pe\/careperuv1\/wp-content\/uploads\/2023\/06\/placeholder_powercard-large-768x480.jpg 768w, https:\/\/dev.cocoa.pe\/careperuv1\/wp-content\/uploads\/2023\/06\/placeholder_powercard-large-1536x960.jpg 1536w, https:\/\/dev.cocoa.pe\/careperuv1\/wp-content\/uploads\/2023\/06\/placeholder_powercard-large-120x75.jpg 120w\" sizes=\"auto, (max-width: 1495px) 100vw, 1495px\" \/>      <\/figure>\n<\/section><\/div>\n\n<div class=\"lazyblock-block-section-10RGIB wp-block-lazyblock-block-section\"><section class=\"py bg-white\">\n  <div class=\"container\">\n    <div class=\"row\" data-aos=\"fade-up\" data-aos-duration=\"600\">\n      <div class=\"col-12\">\n        <div class=\"lazyblock-inner-blocks\">\n\n<div class=\"row justify-content-center\">\n<div class=\"col-lg-12 col-xl-10\">\n<p>El primer paquete de CARE lleg\u00f3 a Le Havre, Francia, en mayo de 1946, lo que signific\u00f3 la primera de una ola de respuestas a millones de personas que necesitaban alimentos y suministros de ayuda. CARE logr\u00f3 enviar 2,8 millones de paquetes, los cuales conten\u00edan productos suficientes para alimentar a 10 personas durante un d\u00eda, o una persona durante 10 d\u00edas.<\/p>\n\n\n\n<p>A medida que los pa\u00edses afectados por la guerra comenzaron a recuperarse, el trabajo se ampli\u00f3 hacia otras regiones del mundo, y fue entonces que CARE se convirti\u00f3 en una confederaci\u00f3n, ya no solamente enfocada en el \u00e1mbito humanitario, sino tambi\u00e9n en el desarrollo a largo plazo.<\/p>\n\n\n\n<p>Actualmente, CARE est\u00e1 presente en 111 pa\u00edses. Durante estos 77 a\u00f1os, CARE contribuye a generar soluciones \u2013sean locales o de gran escala\u2013 para superar la pobreza y la desigualdad.<\/p>\n<\/div>\n<\/div>\n\n<\/div>\n      <\/div>\n    <\/div>\n  <\/div>\n<\/section><\/div>","protected":false},"excerpt":{"rendered":"","protected":false},"author":1,"featured_media":0,"parent":0,"menu_order":0,"comment_status":"closed","ping_status":"closed","template":"","meta":{"footnotes":""},"class_list":["post-33","page","type-page","status-publish","hentry"],"acf":[],"_links":{"self":[{"href":"https:\/\/dev.cocoa.pe\/careperuv1\/wp-json\/wp\/v2\/pages\/33","targetHints":{"allow":["GET"]}}],"collection":[{"href":"https:\/\/dev.cocoa.pe\/careperuv1\/wp-json\/wp\/v2\/pages"}],"about":[{"href":"https:\/\/dev.cocoa.pe\/careperuv1\/wp-json\/wp\/v2\/types\/page"}],"author":[{"embeddable":true,"href":"https:\/\/dev.cocoa.pe\/careperuv1\/wp-json\/wp\/v2\/users\/1"}],"replies":[{"embeddable":true,"href":"https:\/\/dev.cocoa.pe\/careperuv1\/wp-json\/wp\/v2\/comments?post=33"}],"version-history":[{"count":5,"href":"https:\/\/dev.cocoa.pe\/careperuv1\/wp-json\/wp\/v2\/pages\/33\/revisions"}],"predecessor-version":[{"id":31944,"href":"https:\/\/dev.cocoa.pe\/careperuv1\/wp-json\/wp\/v2\/pages\/33\/revisions\/31944"}],"wp:attachment":[{"href":"https:\/\/dev.cocoa.pe\/careperuv1\/wp-json\/wp\/v2\/media?parent=33"}],"curies":[{"name":"wp","href":"https:\/\/api.w.org\/{rel}","templated":true}]}}