{"id":13,"date":"2023-06-21T16:12:53","date_gmt":"2023-06-21T21:12:53","guid":{"rendered":"https:\/\/dev.cocoa.pe\/careperuv1\/?page_id=13"},"modified":"2023-07-06T11:48:47","modified_gmt":"2023-07-06T16:48:47","slug":"empoderamiento-economico-seguridad-alimentaria-y-nutricion","status":"publish","type":"page","link":"https:\/\/dev.cocoa.pe\/careperuv1\/empoderamiento-economico-seguridad-alimentaria-y-nutricion\/","title":{"rendered":"Empoderamiento econ\u00f3mico, seguridad alimentaria y nutrici\u00f3n"},"content":{"rendered":"<div class=\"lazyblock-block-powercard-header-Z29FHHQ wp-block-lazyblock-block-powercard-header\"><section class=\"block_header_powercard d-flex flex-wrap align-items-center position-relative bg- \">\n  <div class=\"container\">\n    <div class=\"row\">\n      <div class=\"col-12 col-xl-8\">\n        <div class=\"block_content py bg-light\">\n          <div data-aos=\"fade-up\" data-aos-duration=\"600\" data-aos-delay=\"400\">\n            <div class=\"lazyblock-inner-blocks\">\n<div class=\"lazyblock-breadcrumbs-bvFDd mb-4 wp-block-lazyblock-breadcrumbs\"><ul class=\"breadcrumbs d-flex flex-wrap align-items-center\">\n    <li>\n     <a href=\"https:\/\/dev.cocoa.pe\/careperuv1\/\">\n      Inicio    <\/a>\n  <\/li>\n    <li>\n     <a href=\"https:\/\/dev.cocoa.pe\/careperuv1\/que-hacemos\/\">\n      \u00bfQu\u00e9 hacemos?    <\/a>\n  <\/li>\n  <\/ul><\/div>\n\n\n<h1 class=\"wp-block-heading has-small-font-size\">Empoderamiento econ\u00f3mico, seguridad alimentaria y nutrici\u00f3n<\/h1>\n\n<\/div>\n          <\/div>\n        <\/div>\n      <\/div>\n    <\/div>\n  <\/div>\n  <figure class=\"block_image mb-0\" data-aos=\"fade\" data-aos-duration=\"800\">\n    <img loading=\"lazy\" decoding=\"async\" width=\"1495\" height=\"934\" src=\"https:\/\/dev.cocoa.pe\/careperuv1\/wp-content\/uploads\/2023\/06\/placeholder_powercard-large.jpg\" class=\"img-fit\" alt=\"\" srcset=\"https:\/\/dev.cocoa.pe\/careperuv1\/wp-content\/uploads\/2023\/06\/placeholder_powercard-large.jpg 1920w, https:\/\/dev.cocoa.pe\/careperuv1\/wp-content\/uploads\/2023\/06\/placeholder_powercard-large-980x613.jpg 980w, https:\/\/dev.cocoa.pe\/careperuv1\/wp-content\/uploads\/2023\/06\/placeholder_powercard-large-768x480.jpg 768w, https:\/\/dev.cocoa.pe\/careperuv1\/wp-content\/uploads\/2023\/06\/placeholder_powercard-large-1536x960.jpg 1536w, https:\/\/dev.cocoa.pe\/careperuv1\/wp-content\/uploads\/2023\/06\/placeholder_powercard-large-120x75.jpg 120w\" sizes=\"auto, (max-width: 1495px) 100vw, 1495px\" \/>      <\/figure>\n<\/section><\/div>\n\n<div class=\"lazyblock-block-section-Z2rRESl wp-block-lazyblock-block-section\"><section class=\"py bg-white\">\n  <div class=\"container\">\n    <div class=\"row\" data-aos=\"fade-up\" data-aos-duration=\"600\">\n      <div class=\"col-12\">\n        <div class=\"lazyblock-inner-blocks\">\n\n<div class=\"row justify-content-center\">\n<div class=\"col-xl-10\">\n<p class=\"has-text-align-center\">Incrementar sosteniblemente los ingresos econ\u00f3micos especialmente de mujeres que se encuentran en situaci\u00f3n de vulnerabilidad, el acceso a recursos financieros, vocer\u00eda y participaci\u00f3n en espacios de toma de decisi\u00f3n. Contribuir a garantizar la seguridad alimentaria y nutricional de ni\u00f1as y ni\u00f1os, facilitando e incidiendo en pol\u00edticas p\u00fablicas que contribuyan a la provisi\u00f3n de servicios adecuados.<\/p>\n\n\n\n<figure class=\"wp-block-gallery aligncenter has-nested-images columns-default mt-4 mt-sm-5 wp-block-gallery-1 is-layout-flex wp-block-gallery-is-layout-flex\"><div class=\"wp-block-image\">\n<figure class=\"aligncenter size-large\"><img loading=\"lazy\" decoding=\"async\" width=\"150\" height=\"150\" data-id=\"32009\" src=\"https:\/\/dev.cocoa.pe\/careperuv1\/wp-content\/uploads\/2023\/07\/ods-3.png\" alt=\"\" class=\"wp-image-32009\" srcset=\"https:\/\/dev.cocoa.pe\/careperuv1\/wp-content\/uploads\/2023\/07\/ods-3.png 150w, https:\/\/dev.cocoa.pe\/careperuv1\/wp-content\/uploads\/2023\/07\/ods-3-120x120.png 120w\" sizes=\"auto, (max-width: 150px) 100vw, 150px\" \/><\/figure>\n<\/div>\n\n<div class=\"wp-block-image\">\n<figure class=\"aligncenter size-large\"><img loading=\"lazy\" decoding=\"async\" width=\"150\" height=\"150\" data-id=\"32010\" src=\"https:\/\/dev.cocoa.pe\/careperuv1\/wp-content\/uploads\/2023\/07\/ods-4.png\" alt=\"\" class=\"wp-image-32010\" srcset=\"https:\/\/dev.cocoa.pe\/careperuv1\/wp-content\/uploads\/2023\/07\/ods-4.png 150w, https:\/\/dev.cocoa.pe\/careperuv1\/wp-content\/uploads\/2023\/07\/ods-4-120x120.png 120w\" sizes=\"auto, (max-width: 150px) 100vw, 150px\" \/><\/figure>\n<\/div>\n\n<div class=\"wp-block-image\">\n<figure class=\"aligncenter size-large\"><img loading=\"lazy\" decoding=\"async\" width=\"150\" height=\"150\" data-id=\"32011\" src=\"https:\/\/dev.cocoa.pe\/careperuv1\/wp-content\/uploads\/2023\/07\/ods-5.png\" alt=\"\" class=\"wp-image-32011\" srcset=\"https:\/\/dev.cocoa.pe\/careperuv1\/wp-content\/uploads\/2023\/07\/ods-5.png 150w, https:\/\/dev.cocoa.pe\/careperuv1\/wp-content\/uploads\/2023\/07\/ods-5-120x120.png 120w\" sizes=\"auto, (max-width: 150px) 100vw, 150px\" \/><\/figure>\n<\/div><\/figure>\n<\/div>\n<\/div>\n\n<\/div>\n      <\/div>\n    <\/div>\n  <\/div>\n<\/section><\/div>\n\n<div class=\"lazyblock-block-section-ZopSb0 wp-block-lazyblock-block-section\"><section class=\"py bg-radial bg-light\">\n  <div class=\"container\">\n    <div class=\"row\" data-aos=\"fade-up\" data-aos-duration=\"600\">\n      <div class=\"col-12\">\n        <div class=\"lazyblock-inner-blocks\">\n<div class=\"lazyblock-block-proyectos-ZWUTEB wp-block-lazyblock-block-proyectos\"><div class=\"row align-items-end mb-4 mb-sm-5 position-relative gy-3\" style=\"z-index:2;\" data-aos=\"fade-up\" data-aos-duration=\"600\">\n  <div class=\"col-12 col-md-10 col-lg-8 col-xl-6 offset-xl-1\">\n    <div class=\"lazyblock-inner-blocks\">\n\n<h1 class=\"wp-block-heading\">Nuestros proyectos<\/h1>\n\n\n\n<p class=\"h3 font-light\">Ut lobortis pulvinar nisl nec suscipit. Suspendisse bibendum<\/p>\n\n<\/div>\n  <\/div>\n  <div class=\"col-12 col-lg-4 col-xl-3 offset-xl-1 d-flex justify-content-end\">\n      <\/div>\n<\/div>\n<div class=\"row mb-4 mb-sm-5\">\n  <div class=\"col-12\">\n    <div class=\"swiper swiper_proyectos\">\n      <div class=\"swiper-wrapper\">\n                <div class=\"swiper-slide\">\n          <article class=\"card_proyecto d-flex flex-wrap flex-column h-100 post-31876 proyectos type-proyectos status-publish has-post-thumbnail hentry eje-empoderamiento-economico-de-la-mujer-seguridad-alimentaria-y-nutricion\" id=\"proyecto-31876\">\n\t<figure class=\"card_image mb-0\">\n\t\t<img loading=\"lazy\" decoding=\"async\" width=\"360\" height=\"222\" src=\"https:\/\/dev.cocoa.pe\/careperuv1\/wp-content\/uploads\/2021\/05\/Ninas-con-Oportunidades_Responsive-1.jpg\" class=\"img-fluid w-100 wp-post-image\" alt=\"\" srcset=\"https:\/\/dev.cocoa.pe\/careperuv1\/wp-content\/uploads\/2021\/05\/Ninas-con-Oportunidades_Responsive-1.jpg 360w, https:\/\/dev.cocoa.pe\/careperuv1\/wp-content\/uploads\/2021\/05\/Ninas-con-Oportunidades_Responsive-1-120x74.jpg 120w\" sizes=\"auto, (max-width: 360px) 100vw, 360px\" \/>\t\t<div class=\"eje_icon\">\n\t\t\t<span class=\"eje_icon_label\">\n\t\t\t\tEmpoderamiento econ\u00f3mico de la mujer, seguridad alimentaria y nutrici\u00f3n\t\t\t<\/span>\n\t\t\t<span class=\"eje_icon_image d-flex align-items-center justify-content-center\">\n\t\t\t\t<img decoding=\"async\" src=\"https:\/\/dev.cocoa.pe\/careperuv1\/wp-content\/uploads\/2023\/06\/icon_area-2.png\" alt=\"Icono Empoderamiento econ\u00f3mico de la mujer, seguridad alimentaria y nutrici\u00f3n\" class=\"img-1 img-fluid\">\n\t\t\t\t<img decoding=\"async\" src=\"https:\/\/dev.cocoa.pe\/careperuv1\/wp-content\/uploads\/2023\/06\/icon_area-2-hover.png\" alt=\"Icono Empoderamiento econ\u00f3mico de la mujer, seguridad alimentaria y nutrici\u00f3n\" class=\"img-2 img-fluid\">\n\t\t\t<\/span>\n\t\t<\/div>\n\t<\/figure>\n\t<div class=\"card_content bg-white col d-flex flex-wrap\">\n\t\t<h3 class=\"text-indigo\"><small><a href=\"https:\/\/dev.cocoa.pe\/careperuv1\/proyectos\/ninas-con-oportunidades\/\" class=\"stretched-link\">Ni\u00f1as con Oportunidades<\/a><\/small><\/h3>\n\t\t<p class=\"excerpt\">Promover el desarrollo de habilidades para la vida (HPV) y proyectos de vida en estudiantes de zonas periurbanas y rurales, para contribuir con su bienestar integral.<\/p>\n\t\t<div class=\"font-fira text-tiny mt-2 position-relative zindex\">\n\t\t\t<a href=\"https:\/\/dev.cocoa.pe\/careperuv1\/proyectos\/ninas-con-oportunidades\/\" class=\"btn btn-link\">Leer m\u00e1s<\/a>\n\t\t<\/div>\n\t<\/div>\n<\/article>        <\/div>\n                <div class=\"swiper-slide\">\n          <article class=\"card_proyecto d-flex flex-wrap flex-column h-100 post-31892 proyectos type-proyectos status-publish has-post-thumbnail hentry eje-cambio-climatico-amazonia-y-recursos-hidricos eje-empoderamiento-economico-de-la-mujer-seguridad-alimentaria-y-nutricion eje-gestion-de-riesgos-de-desastres-y-respuesta-humanitaria eje-inclusion-social-educacion-y-salud\" id=\"proyecto-31892\">\n\t<figure class=\"card_image mb-0\">\n\t\t<img loading=\"lazy\" decoding=\"async\" width=\"605\" height=\"259\" src=\"https:\/\/dev.cocoa.pe\/careperuv1\/wp-content\/uploads\/2023\/06\/Foto-Lululemon-Baner-Hecho-Por-Mujeres.jpg\" class=\"img-fluid w-100 wp-post-image\" alt=\"\" srcset=\"https:\/\/dev.cocoa.pe\/careperuv1\/wp-content\/uploads\/2023\/06\/Foto-Lululemon-Baner-Hecho-Por-Mujeres.jpg 1680w, https:\/\/dev.cocoa.pe\/careperuv1\/wp-content\/uploads\/2023\/06\/Foto-Lululemon-Baner-Hecho-Por-Mujeres-980x420.jpg 980w, https:\/\/dev.cocoa.pe\/careperuv1\/wp-content\/uploads\/2023\/06\/Foto-Lululemon-Baner-Hecho-Por-Mujeres-768x329.jpg 768w, https:\/\/dev.cocoa.pe\/careperuv1\/wp-content\/uploads\/2023\/06\/Foto-Lululemon-Baner-Hecho-Por-Mujeres-1536x658.jpg 1536w, https:\/\/dev.cocoa.pe\/careperuv1\/wp-content\/uploads\/2023\/06\/Foto-Lululemon-Baner-Hecho-Por-Mujeres-120x51.jpg 120w\" sizes=\"auto, (max-width: 605px) 100vw, 605px\" \/>\t\t<div class=\"eje_icon\">\n\t\t\t<span class=\"eje_icon_label\">\n\t\t\t\tInclusi\u00f3n social, educaci\u00f3n y salud\t\t\t<\/span>\n\t\t\t<span class=\"eje_icon_image d-flex align-items-center justify-content-center\">\n\t\t\t\t<img decoding=\"async\" src=\"https:\/\/dev.cocoa.pe\/careperuv1\/wp-content\/uploads\/2023\/06\/icon_area-2.png\" alt=\"Icono Inclusi\u00f3n social, educaci\u00f3n y salud\" class=\"img-1 img-fluid\">\n\t\t\t\t<img decoding=\"async\" src=\"https:\/\/dev.cocoa.pe\/careperuv1\/wp-content\/uploads\/2023\/06\/icon_area-2-hover.png\" alt=\"Icono Inclusi\u00f3n social, educaci\u00f3n y salud\" class=\"img-2 img-fluid\">\n\t\t\t<\/span>\n\t\t<\/div>\n\t<\/figure>\n\t<div class=\"card_content bg-white col d-flex flex-wrap\">\n\t\t<h3 class=\"text-indigo\"><small><a href=\"https:\/\/dev.cocoa.pe\/careperuv1\/proyectos\/hecho-por-mujeres\/\" class=\"stretched-link\">Hecho por Mujeres<\/a><\/small><\/h3>\n\t\t<p class=\"excerpt\">\u201cHecho por Mujeres\u201d es un proyecto que busca potenciar los conocimientos y capacidades de las personas que trabajan y\/o emprenden en el Emporio comercial de Gamarra, poniendo especial atenci\u00f3n [&#8230;]<\/p>\n\t\t<div class=\"font-fira text-tiny mt-2 position-relative zindex\">\n\t\t\t<a href=\"https:\/\/dev.cocoa.pe\/careperuv1\/proyectos\/hecho-por-mujeres\/\" class=\"btn btn-link\">Leer m\u00e1s<\/a>\n\t\t<\/div>\n\t<\/div>\n<\/article>        <\/div>\n              <\/div>\n    <\/div>\n  <\/div>\n<\/div>\n<div class=\"row justify-content-center\">\n\t<div class=\"col-12 col-xl-10 d-flex justify-content-end\">\t\t\t\t\t\t\n\t\t<button type=\"button\" class=\"swiper-button-prev proyectos-prev\">\n\t\t\t<svg xmlns=\"http:\/\/www.w3.org\/2000\/svg\" fill=\"currentColor\" viewBox=\"0 0 28 28\">\n\t\t\t\t<path d=\"M28,16.1H8l9,9l-3,3L0,14L14,0l3,3l-9,9h20V16.1z\"\/>\n\t\t\t<\/svg>\n\t\t<\/button>\n\t\t<button type=\"button\" class=\"swiper-button-next proyectos-next ms-4\">\n\t\t\t<svg xmlns=\"http:\/\/www.w3.org\/2000\/svg\" fill=\"currentColor\" viewBox=\"0 0 28 28\">\n\t\t\t\t<path d=\"M28,14L14,28l-3-3l9-9H0v-4.2h20l-9-9l3-3L28,14z\"\/>\n\t\t\t<\/svg>\n\t\t<\/button>\n\t<\/div>\n<\/div>\n<script>\n  var swiperProyectos = new Swiper('.swiper_proyectos', {\n  \tslidesPerView: 'auto',\n  \tspaceBetween: 30,\n  \tautoplay: {\n  \t\tdelay: 6000,\n  \t},\n  \trewind: true,\n  \tnavigation: {\n  \t\tnextEl: '.proyectos-next',\n  \t\tprevEl: '.proyectos-prev',\n  \t}\n  });\n<\/script><\/div>\n<\/div>\n      <\/div>\n    <\/div>\n  <\/div>\n<\/section><\/div>\n\n<div class=\"lazyblock-block-section-2dyBeR wp-block-lazyblock-block-section\"><section class=\"py bg-white\">\n  <div class=\"container\">\n    <div class=\"row\" data-aos=\"fade-up\" data-aos-duration=\"600\">\n      <div class=\"col-12\">\n        <div class=\"lazyblock-inner-blocks\">\n\n<h2 class=\"wp-block-heading has-text-align-center wide_underline mb-4 mb-sm-5\">Conoce a los aliados que apoyan nuestros proyectos<\/h2>\n\n\n<div class=\"lazyblock-block-logos-carrusel-Z17yM9I wp-block-lazyblock-block-logos-carrusel\"><div class=\"row block_logos align-items-center\">\r\n\t<div class=\"d-none d-xl-block col-xl-1\">\r\n\t\t<button type=\"button\" class=\"swiper-button-prev logos01-prev\">\r\n\t\t\t<svg xmlns=\"http:\/\/www.w3.org\/2000\/svg\" fill=\"currentColor\" viewBox=\"0 0 28 28\">\r\n\t\t\t\t<path d=\"M28,16.1H8l9,9l-3,3L0,14L14,0l3,3l-9,9h20V16.1z\"\/>\r\n\t\t\t<\/svg>\r\n\t\t<\/button>\r\n\t<\/div>\r\n\t<div class=\"col-xl-10\">\r\n\t\t<div class=\"swiper swiper_logos01\">\r\n\t\t\t<div class=\"swiper-wrapper\">\r\n\t\t\t  \t\t\t\t<div class=\"swiper-slide\">\r\n\t\t\t\t  <img loading=\"lazy\" decoding=\"async\" width=\"280\" height=\"156\" src=\"https:\/\/dev.cocoa.pe\/careperuv1\/wp-content\/uploads\/2023\/06\/aflatoun-280x156.jpg\" class=\"img-fluid\" alt=\"\" \/>\t\t\t\t<\/div>\r\n\t\t\t\t\t\t\t\t<div class=\"swiper-slide\">\r\n\t\t\t\t  <img loading=\"lazy\" decoding=\"async\" width=\"280\" height=\"156\" src=\"https:\/\/dev.cocoa.pe\/careperuv1\/wp-content\/uploads\/2023\/06\/Americatv-280x156.jpg\" class=\"img-fluid\" alt=\"\" \/>\t\t\t\t<\/div>\r\n\t\t\t\t\t\t\t\t<div class=\"swiper-slide\">\r\n\t\t\t\t  <img loading=\"lazy\" decoding=\"async\" width=\"280\" height=\"156\" src=\"https:\/\/dev.cocoa.pe\/careperuv1\/wp-content\/uploads\/2023\/06\/antamina-280x156.jpg\" class=\"img-fluid\" alt=\"\" \/>\t\t\t\t<\/div>\r\n\t\t\t\t\t\t\t\t<div class=\"swiper-slide\">\r\n\t\t\t\t  <img loading=\"lazy\" decoding=\"async\" width=\"280\" height=\"156\" src=\"https:\/\/dev.cocoa.pe\/careperuv1\/wp-content\/uploads\/2023\/06\/Apoyo-280x156.jpg\" class=\"img-fluid\" alt=\"\" \/>\t\t\t\t<\/div>\r\n\t\t\t\t\t\t\t\t<div class=\"swiper-slide\">\r\n\t\t\t\t  <img loading=\"lazy\" decoding=\"async\" width=\"280\" height=\"156\" src=\"https:\/\/dev.cocoa.pe\/careperuv1\/wp-content\/uploads\/2023\/06\/BID-280x156.jpg\" class=\"img-fluid\" alt=\"\" \/>\t\t\t\t<\/div>\r\n\t\t\t\t\t\t\t\t<div class=\"swiper-slide\">\r\n\t\t\t\t  <img loading=\"lazy\" decoding=\"async\" width=\"280\" height=\"156\" src=\"https:\/\/dev.cocoa.pe\/careperuv1\/wp-content\/uploads\/2023\/06\/Bonny-kies-280x156.jpg\" class=\"img-fluid\" alt=\"\" \/>\t\t\t\t<\/div>\r\n\t\t\t\t\t\t\t\t<div class=\"swiper-slide\">\r\n\t\t\t\t  <img loading=\"lazy\" decoding=\"async\" width=\"280\" height=\"156\" src=\"https:\/\/dev.cocoa.pe\/careperuv1\/wp-content\/uploads\/2023\/06\/CARE-Alemania-280x156.jpg\" class=\"img-fluid\" alt=\"\" \/>\t\t\t\t<\/div>\r\n\t\t\t\t\t\t\t\t<div class=\"swiper-slide\">\r\n\t\t\t\t  <img loading=\"lazy\" decoding=\"async\" width=\"280\" height=\"156\" src=\"https:\/\/dev.cocoa.pe\/careperuv1\/wp-content\/uploads\/2023\/06\/CARE-Peru-280x156.jpg\" class=\"img-fluid\" alt=\"\" \/>\t\t\t\t<\/div>\r\n\t\t\t\t\t\t\t\t<div class=\"swiper-slide\">\r\n\t\t\t\t  <img loading=\"lazy\" decoding=\"async\" width=\"280\" height=\"156\" src=\"https:\/\/dev.cocoa.pe\/careperuv1\/wp-content\/uploads\/2023\/06\/citi-foundation-280x156.jpg\" class=\"img-fluid\" alt=\"\" \/>\t\t\t\t<\/div>\r\n\t\t\t\t\t\t\t\t<div class=\"swiper-slide\">\r\n\t\t\t\t  <img loading=\"lazy\" decoding=\"async\" width=\"280\" height=\"156\" src=\"https:\/\/dev.cocoa.pe\/careperuv1\/wp-content\/uploads\/2023\/06\/cummins-280x156.jpg\" class=\"img-fluid\" alt=\"\" \/>\t\t\t\t<\/div>\r\n\t\t\t\t\t\t\t\t<div class=\"swiper-slide\">\r\n\t\t\t\t  <img loading=\"lazy\" decoding=\"async\" width=\"280\" height=\"156\" src=\"https:\/\/dev.cocoa.pe\/careperuv1\/wp-content\/uploads\/2023\/06\/devida-280x156.jpg\" class=\"img-fluid\" alt=\"\" \/>\t\t\t\t<\/div>\r\n\t\t\t\t\t\t\t\t<div class=\"swiper-slide\">\r\n\t\t\t\t  <img loading=\"lazy\" decoding=\"async\" width=\"280\" height=\"156\" src=\"https:\/\/dev.cocoa.pe\/careperuv1\/wp-content\/uploads\/2023\/06\/Embajada_EEUU-280x156.jpg\" class=\"img-fluid\" alt=\"\" \/>\t\t\t\t<\/div>\r\n\t\t\t\t\t\t\t\t<div class=\"swiper-slide\">\r\n\t\t\t\t  <img loading=\"lazy\" decoding=\"async\" width=\"280\" height=\"156\" src=\"https:\/\/dev.cocoa.pe\/careperuv1\/wp-content\/uploads\/2023\/06\/embajada-de-eeuu-280x156.jpg\" class=\"img-fluid\" alt=\"\" \/>\t\t\t\t<\/div>\r\n\t\t\t\t\t\t\t\t<div class=\"swiper-slide\">\r\n\t\t\t\t  <img loading=\"lazy\" decoding=\"async\" width=\"280\" height=\"156\" src=\"https:\/\/dev.cocoa.pe\/careperuv1\/wp-content\/uploads\/2023\/06\/fabercastell-280x156.jpg\" class=\"img-fluid\" alt=\"\" \/>\t\t\t\t<\/div>\r\n\t\t\t\t\t\t\t\t<div class=\"swiper-slide\">\r\n\t\t\t\t  <img loading=\"lazy\" decoding=\"async\" width=\"280\" height=\"156\" src=\"https:\/\/dev.cocoa.pe\/careperuv1\/wp-content\/uploads\/2023\/06\/fondo-mundial-280x156.jpg\" class=\"img-fluid\" alt=\"\" \/>\t\t\t\t<\/div>\r\n\t\t\t\t\t\t\t\t<div class=\"swiper-slide\">\r\n\t\t\t\t  <img loading=\"lazy\" decoding=\"async\" width=\"280\" height=\"156\" src=\"https:\/\/dev.cocoa.pe\/careperuv1\/wp-content\/uploads\/2023\/06\/intercorp-280x156.jpg\" class=\"img-fluid\" alt=\"\" \/>\t\t\t\t<\/div>\r\n\t\t\t\t\t\t\t\t<div class=\"swiper-slide\">\r\n\t\t\t\t  <img loading=\"lazy\" decoding=\"async\" width=\"280\" height=\"156\" src=\"https:\/\/dev.cocoa.pe\/careperuv1\/wp-content\/uploads\/2023\/06\/logo_bureu-veritas.png\" class=\"img-fluid\" alt=\"\" srcset=\"https:\/\/dev.cocoa.pe\/careperuv1\/wp-content\/uploads\/2023\/06\/logo_bureu-veritas.png 280w, https:\/\/dev.cocoa.pe\/careperuv1\/wp-content\/uploads\/2023\/06\/logo_bureu-veritas-120x67.png 120w\" sizes=\"auto, (max-width: 280px) 100vw, 280px\" \/>\t\t\t\t<\/div>\r\n\t\t\t\t\t\t\t\t<div class=\"swiper-slide\">\r\n\t\t\t\t  <img loading=\"lazy\" decoding=\"async\" width=\"280\" height=\"156\" src=\"https:\/\/dev.cocoa.pe\/careperuv1\/wp-content\/uploads\/2023\/06\/logo_kpmg.png\" class=\"img-fluid\" alt=\"\" srcset=\"https:\/\/dev.cocoa.pe\/careperuv1\/wp-content\/uploads\/2023\/06\/logo_kpmg.png 280w, https:\/\/dev.cocoa.pe\/careperuv1\/wp-content\/uploads\/2023\/06\/logo_kpmg-120x67.png 120w\" sizes=\"auto, (max-width: 280px) 100vw, 280px\" \/>\t\t\t\t<\/div>\r\n\t\t\t\t\t\t\t\t<div class=\"swiper-slide\">\r\n\t\t\t\t  <img loading=\"lazy\" decoding=\"async\" width=\"280\" height=\"156\" src=\"https:\/\/dev.cocoa.pe\/careperuv1\/wp-content\/uploads\/2023\/06\/logo_lancome.png\" class=\"img-fluid\" alt=\"\" srcset=\"https:\/\/dev.cocoa.pe\/careperuv1\/wp-content\/uploads\/2023\/06\/logo_lancome.png 280w, https:\/\/dev.cocoa.pe\/careperuv1\/wp-content\/uploads\/2023\/06\/logo_lancome-120x67.png 120w\" sizes=\"auto, (max-width: 280px) 100vw, 280px\" \/>\t\t\t\t<\/div>\r\n\t\t\t\t\t\t\t\t<div class=\"swiper-slide\">\r\n\t\t\t\t  <img loading=\"lazy\" decoding=\"async\" width=\"280\" height=\"156\" src=\"https:\/\/dev.cocoa.pe\/careperuv1\/wp-content\/uploads\/2023\/06\/logo_lhh.png\" class=\"img-fluid\" alt=\"\" srcset=\"https:\/\/dev.cocoa.pe\/careperuv1\/wp-content\/uploads\/2023\/06\/logo_lhh.png 280w, https:\/\/dev.cocoa.pe\/careperuv1\/wp-content\/uploads\/2023\/06\/logo_lhh-120x67.png 120w\" sizes=\"auto, (max-width: 280px) 100vw, 280px\" \/>\t\t\t\t<\/div>\r\n\t\t\t\t\t\t\t\t<div class=\"swiper-slide\">\r\n\t\t\t\t  <img loading=\"lazy\" decoding=\"async\" width=\"280\" height=\"156\" src=\"https:\/\/dev.cocoa.pe\/careperuv1\/wp-content\/uploads\/2023\/06\/logo_lululemon.png\" class=\"img-fluid\" alt=\"\" srcset=\"https:\/\/dev.cocoa.pe\/careperuv1\/wp-content\/uploads\/2023\/06\/logo_lululemon.png 280w, https:\/\/dev.cocoa.pe\/careperuv1\/wp-content\/uploads\/2023\/06\/logo_lululemon-120x67.png 120w\" sizes=\"auto, (max-width: 280px) 100vw, 280px\" \/>\t\t\t\t<\/div>\r\n\t\t\t\t\t\t\t\t<div class=\"swiper-slide\">\r\n\t\t\t\t  <img loading=\"lazy\" decoding=\"async\" width=\"280\" height=\"156\" src=\"https:\/\/dev.cocoa.pe\/careperuv1\/wp-content\/uploads\/2023\/06\/logo_tunki.png\" class=\"img-fluid\" alt=\"\" srcset=\"https:\/\/dev.cocoa.pe\/careperuv1\/wp-content\/uploads\/2023\/06\/logo_tunki.png 280w, https:\/\/dev.cocoa.pe\/careperuv1\/wp-content\/uploads\/2023\/06\/logo_tunki-120x67.png 120w\" sizes=\"auto, (max-width: 280px) 100vw, 280px\" \/>\t\t\t\t<\/div>\r\n\t\t\t\t\t\t\t\t<div class=\"swiper-slide\">\r\n\t\t\t\t  <img loading=\"lazy\" decoding=\"async\" width=\"280\" height=\"156\" src=\"https:\/\/dev.cocoa.pe\/careperuv1\/wp-content\/uploads\/2023\/06\/logo_valente.png\" class=\"img-fluid\" alt=\"\" srcset=\"https:\/\/dev.cocoa.pe\/careperuv1\/wp-content\/uploads\/2023\/06\/logo_valente.png 280w, https:\/\/dev.cocoa.pe\/careperuv1\/wp-content\/uploads\/2023\/06\/logo_valente-120x67.png 120w\" sizes=\"auto, (max-width: 280px) 100vw, 280px\" \/>\t\t\t\t<\/div>\r\n\t\t\t\t\t\t\t\t<div class=\"swiper-slide\">\r\n\t\t\t\t  <img loading=\"lazy\" decoding=\"async\" width=\"280\" height=\"156\" src=\"https:\/\/dev.cocoa.pe\/careperuv1\/wp-content\/uploads\/2023\/06\/mastercard-280x156.jpg\" class=\"img-fluid\" alt=\"\" \/>\t\t\t\t<\/div>\r\n\t\t\t\t\t\t\t\t<div class=\"swiper-slide\">\r\n\t\t\t\t  <img loading=\"lazy\" decoding=\"async\" width=\"280\" height=\"156\" src=\"https:\/\/dev.cocoa.pe\/careperuv1\/wp-content\/uploads\/2023\/06\/ministerio-de-justicia-280x156.jpg\" class=\"img-fluid\" alt=\"\" \/>\t\t\t\t<\/div>\r\n\t\t\t\t\t\t\t\t<div class=\"swiper-slide\">\r\n\t\t\t\t  <img loading=\"lazy\" decoding=\"async\" width=\"280\" height=\"156\" src=\"https:\/\/dev.cocoa.pe\/careperuv1\/wp-content\/uploads\/2023\/06\/ministerio-de-salud-280x156.jpg\" class=\"img-fluid\" alt=\"\" \/>\t\t\t\t<\/div>\r\n\t\t\t\t\t\t\t\t<div class=\"swiper-slide\">\r\n\t\t\t\t  <img loading=\"lazy\" decoding=\"async\" width=\"280\" height=\"156\" src=\"https:\/\/dev.cocoa.pe\/careperuv1\/wp-content\/uploads\/2023\/06\/overall-280x156.jpg\" class=\"img-fluid\" alt=\"\" \/>\t\t\t\t<\/div>\r\n\t\t\t\t\t\t\t\t<div class=\"swiper-slide\">\r\n\t\t\t\t  <img loading=\"lazy\" decoding=\"async\" width=\"280\" height=\"156\" src=\"https:\/\/dev.cocoa.pe\/careperuv1\/wp-content\/uploads\/2023\/06\/pepsico-280x156.jpg\" class=\"img-fluid\" alt=\"\" \/>\t\t\t\t<\/div>\r\n\t\t\t\t\t\t\t\t<div class=\"swiper-slide\">\r\n\t\t\t\t  <img loading=\"lazy\" decoding=\"async\" width=\"280\" height=\"156\" src=\"https:\/\/dev.cocoa.pe\/careperuv1\/wp-content\/uploads\/2023\/06\/prm-280x156.jpg\" class=\"img-fluid\" alt=\"\" \/>\t\t\t\t<\/div>\r\n\t\t\t\t\t\t\t\t<div class=\"swiper-slide\">\r\n\t\t\t\t  <img loading=\"lazy\" decoding=\"async\" width=\"280\" height=\"156\" src=\"https:\/\/dev.cocoa.pe\/careperuv1\/wp-content\/uploads\/2023\/06\/scotiabank-280x156.jpg\" class=\"img-fluid\" alt=\"\" \/>\t\t\t\t<\/div>\r\n\t\t\t\t\t\t\t\t<div class=\"swiper-slide\">\r\n\t\t\t\t  <img loading=\"lazy\" decoding=\"async\" width=\"280\" height=\"156\" src=\"https:\/\/dev.cocoa.pe\/careperuv1\/wp-content\/uploads\/2023\/06\/suiza-280x156.jpg\" class=\"img-fluid\" alt=\"\" \/>\t\t\t\t<\/div>\r\n\t\t\t\t\t\t\t\t<div class=\"swiper-slide\">\r\n\t\t\t\t  <img loading=\"lazy\" decoding=\"async\" width=\"280\" height=\"156\" src=\"https:\/\/dev.cocoa.pe\/careperuv1\/wp-content\/uploads\/2023\/06\/unfpa-280x156.jpg\" class=\"img-fluid\" alt=\"\" \/>\t\t\t\t<\/div>\r\n\t\t\t\t\t\t\t<\/div>\r\n\t\t<\/div>\r\n\t<\/div>\r\n\t<div class=\"d-none d-xl-block col-xl-1\">\r\n\t\t<button type=\"button\" class=\"swiper-button-next logos01-next ms-auto\">\r\n\t\t\t<svg xmlns=\"http:\/\/www.w3.org\/2000\/svg\" fill=\"currentColor\" viewBox=\"0 0 28 28\">\r\n\t\t\t\t<path d=\"M28,14L14,28l-3-3l9-9H0v-4.2h20l-9-9l3-3L28,14z\"\/>\r\n\t\t\t<\/svg>\r\n\t\t<\/button>\r\n\t<\/div>\r\n\t<div class=\"col-12\">\r\n\t\t<div class=\"swiper-pagination logos01-pagination\"><\/div>\r\n\t<\/div>\r\n<\/div>\r\n<script>\r\n  var swiperLogos = new Swiper('.swiper_logos01', {\r\n\tslidesPerView: 2,\r\n\tspaceBetween: 30,\r\n\tcenterInsufficientSlides: true,\r\n\trewind: true,\r\n\tautoplay: {\r\n\t\tdelay: 2500,\r\n\t\tdisableOnInteraction: false,\r\n\t},\t\r\n\tnavigation: {\r\n\t\tnextEl: '.logos01-next',\r\n\t\tprevEl: '.logos01-prev',\r\n\t},\r\n\tpagination: {\r\n\t\tel: '.logos01-pagination',\r\n\t\tdynamicBullets: true,\r\n\t},\r\n\tbreakpoints: {\r\n\t\t768: {\r\n\t\t\tslidesPerView: 3,\r\n\t\t\tspaceBetween: 38,\r\n\t\t},\r\n\t\t992: {\r\n\t\t\tslidesPerView: 4,\r\n\t\t\tspaceBetween: 48,\r\n\t\t},\r\n\t\t1200: {\r\n\t\t\tslidesPerView: 5,\r\n\t\t\tspaceBetween: 38,\r\n\t\t},\r\n\t\t1400: {\r\n\t\t\tslidesPerView: 5,\r\n\t\t\tspaceBetween: 48,\r\n\t\t},\r\n\t},\r\n});\r\n<\/script><\/div>\n<\/div>\n      <\/div>\n    <\/div>\n  <\/div>\n<\/section><\/div>","protected":false},"excerpt":{"rendered":"","protected":false},"author":1,"featured_media":0,"parent":0,"menu_order":0,"comment_status":"closed","ping_status":"closed","template":"","meta":{"footnotes":""},"class_list":["post-13","page","type-page","status-publish","hentry"],"acf":[],"_links":{"self":[{"href":"https:\/\/dev.cocoa.pe\/careperuv1\/wp-json\/wp\/v2\/pages\/13","targetHints":{"allow":["GET"]}}],"collection":[{"href":"https:\/\/dev.cocoa.pe\/careperuv1\/wp-json\/wp\/v2\/pages"}],"about":[{"href":"https:\/\/dev.cocoa.pe\/careperuv1\/wp-json\/wp\/v2\/types\/page"}],"author":[{"embeddable":true,"href":"https:\/\/dev.cocoa.pe\/careperuv1\/wp-json\/wp\/v2\/users\/1"}],"replies":[{"embeddable":true,"href":"https:\/\/dev.cocoa.pe\/careperuv1\/wp-json\/wp\/v2\/comments?post=13"}],"version-history":[{"count":10,"href":"https:\/\/dev.cocoa.pe\/careperuv1\/wp-json\/wp\/v2\/pages\/13\/revisions"}],"predecessor-version":[{"id":32025,"href":"https:\/\/dev.cocoa.pe\/careperuv1\/wp-json\/wp\/v2\/pages\/13\/revisions\/32025"}],"wp:attachment":[{"href":"https:\/\/dev.cocoa.pe\/careperuv1\/wp-json\/wp\/v2\/media?parent=13"}],"curies":[{"name":"wp","href":"https:\/\/api.w.org\/{rel}","templated":true}]}}